{"id":746,"date":"2025-04-21T01:06:58","date_gmt":"2025-04-21T00:06:58","guid":{"rendered":"https:\/\/anderstestar.se\/?page_id=746"},"modified":"2025-04-22T02:15:46","modified_gmt":"2025-04-22T01:15:46","slug":"746-2","status":"publish","type":"page","link":"https:\/\/anderstestar.se\/?page_id=746","title":{"rendered":"Exempel p\u00e5 watt \u00e5tg\u00e5ng i hemmet"},"content":{"rendered":"<div  class='flex_column av-9ofs6y-c51a0c0fc01a4fc63da56a6bd6290f70 av_one_full  avia-builder-el-0  el_before_av_table  avia-builder-el-first  first flex_column_div  '     ><style type=\"text\/css\" data-created_by=\"avia_inline_auto\" id=\"style-css-av-m9qb2fkt-18681a7110d76dce1881c2539cb992e1\">\n#top .av_textblock_section.av-m9qb2fkt-18681a7110d76dce1881c2539cb992e1 .avia_textblock{\nfont-size:14px;\n}\n<\/style>\n<section  class='av_textblock_section av-m9qb2fkt-18681a7110d76dce1881c2539cb992e1 '   itemscope=\"itemscope\" itemtype=\"https:\/\/schema.org\/CreativeWork\" ><div class='avia_textblock'  itemprop=\"text\" ><p>H\u00e4r \u00e4r en lista p\u00e5 exempel p\u00e5 grejer man har hemma och vad dessa drar i el\/watt. Detta \u00e4r bra att ha i \u00e5tanke n\u00e4r man planerar f\u00f6r sin el-beredskap. Watt angivelserna och tiderna \u00e4r ca tider och kan variera. Vissa enheter kan dra mindre eller mer \u00e4n det som angivits detta pga av temperatur och omgivning. S\u00e5 se tabellen som en fingervisning om vad sakerna g\u00f6r \u00e5t.<\/p>\n<p class=\"p1\"><span class=\"s1\">S\u00e5 mitt tips \u00e4r att planera f\u00f6r lite extra och sen v\u00e4lja din prepp efter det.<\/span><\/p>\n<\/div><\/section><\/div>\n<div class='avia-data-table-wrap av-9i179m-703fd9974dc1ca474468d32a0ceb1845 avia_scrollable_table avia-table-1'><table  class='avia-table avia-data-table avia_pricing_default  avia-builder-el-2  el_after_av_one_full  el_before_av_one_full '  itemscope=\"itemscope\" itemtype=\"https:\/\/schema.org\/Table\" ><tbody><tr class='avia-heading-row'><th class='avia-desc-col'>Produkt<\/th><th class=''>F\u00f6rbrukning watt (ca)<\/th><th class=''>ca Tid f\u00f6r att f\u00f6rbruka 1kWh<\/th><\/tr><tr class=''><th class='avia-desc-col'>Vattenkokare<\/th><td class=''>2200w<\/td><td class=''>27min<\/td><\/tr><tr class=''><th class='avia-desc-col'>Spis<\/th><td class=''><\/td><td class=''><\/td><\/tr><tr class=''><th class='avia-desc-col'>Ugn<\/th><td class=''>1800w<\/td><td class=''>33min<\/td><\/tr><tr class=''><th class='avia-desc-col'>Microv\u00e5gsugn<\/th><td class=''>1200w<\/td><td class=''>50min<\/td><\/tr><tr class=''><th class='avia-desc-col'>Diskmaskin<\/th><td class=''><\/td><td class=''>2kWh\/disk<\/td><\/tr><tr class=''><th class='avia-desc-col'>Airfryer<\/th><td class=''>1200-2250w<\/td><td class=''>25-50min<\/td><\/tr><tr class=''><th class='avia-desc-col'>Kaffebryggare<\/th><td class=''>1500w<\/td><td class=''>40min<\/td><\/tr><tr class=''><th class='avia-desc-col'>Br\u00f6drost<\/th><td class=''>1000w<\/td><td class=''>1h<\/td><\/tr><tr class=''><th class='avia-desc-col'>Kyl\/frys<\/th><td class=''>150w<\/td><td class=''>6.5-7h<\/td><\/tr><tr class=''><th class='avia-desc-col'>El-visp<\/th><td class=''>500w<\/td><td class=''>2h<\/td><\/tr><tr class=''><th class='avia-desc-col'>Tv\u00e4ttmaskin (40gr tv\u00e4tt)<\/th><td class=''><\/td><td class=''>0.6 kWh\/tv\u00e4tt<\/td><\/tr><tr class=''><th class='avia-desc-col'>Ac\/luftkonditionering<\/th><td class=''>1000w<\/td><td class=''>1h<\/td><\/tr><tr class=''><th class='avia-desc-col'>Luftv\u00e4rmepump (normal anv\u00e4ndning till anv\u00e4ndning vid kyla)<\/th><td class=''>500-1200w<\/td><td class=''>50min-2h<\/td><\/tr><tr class=''><th class='avia-desc-col'>Spis, induktionsh\u00e4ll (en platta ig\u00e5ng) <\/th><td class=''>3000w<\/td><td class=''>20min<\/td><\/tr><tr class=''><th class='avia-desc-col'>Spis, induktionsh\u00e4ll (maxeffekt, alla plattor ig\u00e5ng) <\/th><td class=''>7350w<\/td><td class=''>8min<\/td><\/tr><tr class=''><th class='avia-desc-col'>Spis, snabbplatta<\/th><td class=''>1500w<\/td><td class=''>40min<\/td><\/tr><tr class=''><th class='avia-desc-col'>Spis, stekplatta<\/th><td class=''>2000w<\/td><td class=''>0min<\/td><\/tr><tr class=''><th class='avia-desc-col'>Elradiator<\/th><td class=''>1000w<\/td><td class=''>1h<\/td><\/tr><tr class=''><th class='avia-desc-col'>Kylsk\u00e5p, A++<\/th><td class=''>13w<\/td><td class=''>77h<\/td><\/tr><tr class=''><th class='avia-desc-col'>Frys, klass A++<\/th><td class=''>31w<\/td><td class=''>32h<\/td><\/tr><tr class=''><th class='avia-desc-col'>GolvFl\u00e4kt (utan v\u00e4rme) <\/th><td class=''>100w<\/td><td class=''>10h<\/td><\/tr><tr class=''><th class='avia-desc-col'>Varmvattenbredare (el)<\/th><td class=''>3000w<\/td><td class=''>20min<\/td><\/tr><tr class=''><th class='avia-desc-col'>Eltillskott vid v\u00e4rmepump\/bergv\u00e4rme <\/th><td class=''>3000w<\/td><td class=''>20min<\/td><\/tr><\/tbody><\/table><\/div>\n<div  class='flex_column av-80idm-cd5bbee468e0cf8e1059dea2646139f2 av_one_full  avia-builder-el-3  el_after_av_table  avia-builder-el-last  first flex_column_div  '     ><section  class='av_textblock_section av-m9rsf00l-76da92e880825a4973d9b3535138c49a '   itemscope=\"itemscope\" itemtype=\"https:\/\/schema.org\/CreativeWork\" ><div class='avia_textblock'  itemprop=\"text\" ><p>Flesta av siffrorna \u00e4r h\u00e4mtade fr\u00e5n <a href=\"https:\/\/www.tekniskaverken.se\/privat\/elnat\/kilowatt-och-kilowattimme\/\" target=\"_blank\" rel=\"noopener\">Tekniska verkets hemsida<\/a>.<\/p>\n<\/div><\/section><\/div>\n","protected":false},"excerpt":{"rendered":"","protected":false},"author":1,"featured_media":0,"parent":0,"menu_order":0,"comment_status":"closed","ping_status":"closed","template":"","meta":{"footnotes":""},"class_list":["post-746","page","type-page","status-publish","hentry"],"jetpack_sharing_enabled":true,"_links":{"self":[{"href":"https:\/\/anderstestar.se\/index.php?rest_route=\/wp\/v2\/pages\/746","targetHints":{"allow":["GET"]}}],"collection":[{"href":"https:\/\/anderstestar.se\/index.php?rest_route=\/wp\/v2\/pages"}],"about":[{"href":"https:\/\/anderstestar.se\/index.php?rest_route=\/wp\/v2\/types\/page"}],"author":[{"embeddable":true,"href":"https:\/\/anderstestar.se\/index.php?rest_route=\/wp\/v2\/users\/1"}],"replies":[{"embeddable":true,"href":"https:\/\/anderstestar.se\/index.php?rest_route=%2Fwp%2Fv2%2Fcomments&post=746"}],"version-history":[{"count":16,"href":"https:\/\/anderstestar.se\/index.php?rest_route=\/wp\/v2\/pages\/746\/revisions"}],"predecessor-version":[{"id":1062,"href":"https:\/\/anderstestar.se\/index.php?rest_route=\/wp\/v2\/pages\/746\/revisions\/1062"}],"wp:attachment":[{"href":"https:\/\/anderstestar.se\/index.php?rest_route=%2Fwp%2Fv2%2Fmedia&parent=746"}],"curies":[{"name":"wp","href":"https:\/\/api.w.org\/{rel}","templated":true}]}}