{"id":41,"date":"2025-03-21T13:03:24","date_gmt":"2025-03-21T13:03:24","guid":{"rendered":"http:\/\/mrpepsi.se\/?page_id=41"},"modified":"2025-03-24T00:07:34","modified_gmt":"2025-03-24T00:07:34","slug":"hur-man-kommer-igang","status":"publish","type":"page","link":"https:\/\/anderstestar.se\/?page_id=41","title":{"rendered":"Odlingsmetoder f\u00f6r hydroponisk odling"},"content":{"rendered":"<div  class='flex_column av-4wd9d-acf489bae6a931b6cc9d7ed17a554aad av_one_full  avia-builder-el-0  el_before_av_one_half  avia-builder-el-first  first flex_column_div  '     ><\/div>\n<div  class='flex_column av-4gcpt-9da0f230e55babff56751e943cd8e14b av_one_half  avia-builder-el-1  el_after_av_one_full  el_before_av_one_half  first flex_column_div  column-top-margin'     ><style type=\"text\/css\" data-created_by=\"avia_inline_auto\" id=\"style-css-av-m8j7ae8w-115b9b2ba3a8bdd6a9613400963e9461\">\n#top .av_textblock_section.av-m8j7ae8w-115b9b2ba3a8bdd6a9613400963e9461 .avia_textblock{\nfont-size:14px;\n}\n<\/style>\n<section  class='av_textblock_section av-m8j7ae8w-115b9b2ba3a8bdd6a9613400963e9461 '   itemscope=\"itemscope\" itemtype=\"https:\/\/schema.org\/CreativeWork\" ><div class='avia_textblock'  itemprop=\"text\" ><h5>Odlingsmetoder f\u00f6r hydroponisk odling!<\/h5>\n<p class=\"p1\">Uppt\u00e4ck den sp\u00e4nnande v\u00e4rlden av hydroponisk odling, d\u00e4r du kan odla friska och n\u00e4ringsrika v\u00e4xter utan jord! H\u00e4r erbjuder vi dig en omfattande resurs f\u00f6r att optimera din odling genom att f\u00f6rst\u00e5 de viktigaste faktorerna som p\u00e5verkar v\u00e4xtens tillv\u00e4xt och h\u00e4lsa.<\/p>\n<p class=\"p1\">Nedan finner du tabeller med rekommenderade v\u00e4rden f\u00f6r v\u00e4xtn\u00e4ring, pH, ljus och temperatur. Dessa riktlinjer hj\u00e4lper dig att skapa den perfekta milj\u00f6n f\u00f6r dina v\u00e4xter, oavsett om du \u00e4r nyb\u00f6rjare eller erfaren odlare.<\/p>\n<h6 class=\"p1\">Typer av Hydroponisk Odling<\/h6>\n<p class=\"p1\">Hydroponisk odling erbjuder flera olika metoder f\u00f6r att odla v\u00e4xter utan jord. Varje metod har sina egna f\u00f6rdelar och nackdelar, vilket g\u00f6r dem l\u00e4mpliga f\u00f6r olika typer av v\u00e4xter och odlingsmilj\u00f6er. H\u00e4r \u00e4r n\u00e5gra av de vanligaste typerna av hydroponisk odling:<\/p>\n<p class=\"p1\">1. Nutrient Film Technique (NFT)<br \/>\n&#8211; Beskrivning: En tunn film av n\u00e4ringsl\u00f6sning rinner \u00f6ver r\u00f6tterna i en lutande kanal.<br \/>\n&#8211; F\u00f6rdelar: Effektiv anv\u00e4ndning av vatten och n\u00e4rings\u00e4mnen; bra syretillg\u00e5ng till r\u00f6tterna.<br \/>\n&#8211; Nackdelar: K\u00e4nslig f\u00f6r pumpfel; kr\u00e4ver noggrann \u00f6vervakning.<\/p>\n<p class=\"p1\">\u00a02. Deep Water Culture (DWC)<br \/>\n&#8211; Beskrivning: V\u00e4xternas r\u00f6tter h\u00e4nger ner i en syresatt n\u00e4ringsl\u00f6sning.<br \/>\n&#8211; F\u00f6rdelar: Snabb tillv\u00e4xt; enkel att s\u00e4tta upp.<br \/>\n&#8211; Nackdelar: Risk f\u00f6r syrebrist om luftpumpen g\u00e5r s\u00f6nder.<\/p>\n<p class=\"p1\">\u00a03. Ebb and Flow (Flod och Ebb)<br \/>\n&#8211; Beskrivning: N\u00e4ringsl\u00f6sningen fl\u00f6dar in och ut ur en beh\u00e5llare d\u00e4r v\u00e4xterna v\u00e4xer.<br \/>\n&#8211; F\u00f6rdelar: Bra syretillg\u00e5ng; kan anv\u00e4ndas med olika v\u00e4xtmedium.<br \/>\n&#8211; Nackdelar: Kr\u00e4ver mer utrymme och installationstid.<\/p>\n<p class=\"p1\">\u00a04. Aeroponics<br \/>\n&#8211; Beskrivning: R\u00f6tterna sprayas med en fin dimma av n\u00e4ringsl\u00f6sning.<br \/>\n&#8211; F\u00f6rdelar: Utm\u00e4rkt syretillg\u00e5ng; snabb tillv\u00e4xt.<br \/>\n&#8211; Nackdelar: Komplex och dyr att installera; k\u00e4nslig f\u00f6r pumpfel.<\/p>\n<p class=\"p1\">\u00a05. Wick System<br \/>\n&#8211; Beskrivning: N\u00e4ringsl\u00f6sningen transporteras till v\u00e4xternas r\u00f6tter via vicker eller kapill\u00e4rmaterial.<br \/>\n&#8211; F\u00f6rdelar: Enkel och billig; ingen pump kr\u00e4vs.<br \/>\n&#8211; Nackdelar: L\u00e5ngsammare tillv\u00e4xt; mindre effektiv vid stora sk\u00f6rdar.<\/p>\n<p class=\"p1\">\u00a06. Drip System<br \/>\n&#8211; Beskrivning: N\u00e4ringsl\u00f6sningen droppas direkt p\u00e5 r\u00f6tterna genom ett n\u00e4tverk av slangar.<br \/>\n&#8211; F\u00f6rdelar: Flexibel och kan anv\u00e4ndas med olika v\u00e4xtmedium; effektiv anv\u00e4ndning av vatten.<br \/>\n&#8211; Nackdelar: Kan bli igensatt; kr\u00e4ver mer underh\u00e5ll.<\/p>\n<p class=\"p1\">\u00a07. Vertical Farming<br \/>\n&#8211; Beskrivning: V\u00e4xter odlas i vertikala lager, ofta med hj\u00e4lp av LED-lampor.<br \/>\n&#8211; F\u00f6rdelar: Utrymmeseffektiv; m\u00f6jligg\u00f6r odling \u00e5ret runt.<br \/>\n&#8211; Nackdelar: Dyr initial investering; kr\u00e4ver noggrann planering.<\/p>\n<p class=\"p1\">\u00a08. Kratky Metoden<br \/>\n&#8211; Beskrivning: Kratky-metoden \u00e4r en enkel och effektiv hydroponisk odlingsmetod som inte kr\u00e4ver pump eller cirkulation av n\u00e4ringsl\u00f6sning. Den \u00e4r perfekt f\u00f6r nyb\u00f6rjare och f\u00f6r dem som vill ha en l\u00e5g underh\u00e5llsl\u00f6sning.<br \/>\nHur det fungerar:<br \/>\n1. Beh\u00e5llare: Du anv\u00e4nder en beh\u00e5llare (som en plastl\u00e5da eller ett akvarium) fylld med n\u00e4ringsl\u00f6sning.<br \/>\n2. V\u00e4xtmedium: V\u00e4xterna placeras i h\u00e5l i ett lock (t.ex. skumplast eller plastlock) s\u00e5 att r\u00f6tterna h\u00e4nger ner i n\u00e4ringsl\u00f6sningen.<br \/>\n3. Luft och vatten: R\u00f6tterna f\u00e5r tillg\u00e5ng till b\u00e5de vatten och luft, vilket g\u00f6r att de kan ta upp n\u00e4ring effektivt.<\/p>\n<p class=\"p1\">F\u00f6rdelar:<br \/>\n&#8211; Enkelhet: Ingen pump eller elektrisk utrustning beh\u00f6vs, vilket g\u00f6r det l\u00e4tt att s\u00e4tta upp och underh\u00e5lla.<br \/>\n&#8211; L\u00e5g kostnad: Du kan anv\u00e4nda enkla material som du kanske redan har hemma.<br \/>\n&#8211; Bra f\u00f6r sm\u00e5 utrymmen: Passar perfekt f\u00f6r balkonger eller sm\u00e5 tr\u00e4dg\u00e5rdar.<\/p>\n<p class=\"p1\">Nackdelar:<br \/>\n&#8211; Begr\u00e4nsad sk\u00f6rd: B\u00e4ttre f\u00f6r sm\u00e5 odlingar snarare \u00e4n stora kommersiella produktioner.<br \/>\n&#8211; \u00d6vervakning: Du beh\u00f6ver h\u00e5lla koll p\u00e5 vattenniv\u00e5n och n\u00e4ringsl\u00f6sningen, eftersom den inte cirkulerar.<br \/>\nSammanfattningsvis \u00e4r Kratky-metoden en utm\u00e4rkt val f\u00f6r dem som vill prova hydroponisk odling p\u00e5 ett enkelt och kostnadseffektivt s\u00e4tt!<\/p>\n<p class=\"p1\">&#8212;<\/p>\n<p class=\"p1\">Varje typ av hydroponisk odling har sina egna specifika krav och f\u00f6rdelar, s\u00e5 det \u00e4r viktigt att v\u00e4lja den metod som passar b\u00e4st f\u00f6r dina behov och resurser!<\/p>\n<\/div><\/section><\/div><div  class='flex_column av-3ts51-857b2e66a8d6ac4e6957717f0551d58c av_one_half  avia-builder-el-3  el_after_av_one_half  avia-builder-el-last  flex_column_div  column-top-margin'     ><p>\n<style type=\"text\/css\" data-created_by=\"avia_inline_auto\" id=\"style-css-av-38b2h-b1f049695fa218177a2032e9523d7105\">\n.avia-image-container.av-38b2h-b1f049695fa218177a2032e9523d7105 img.avia_image{\nbox-shadow:none;\n}\n.avia-image-container.av-38b2h-b1f049695fa218177a2032e9523d7105 .av-image-caption-overlay-center{\ncolor:#ffffff;\n}\n<\/style>\n<div  class='avia-image-container av-38b2h-b1f049695fa218177a2032e9523d7105 av-styling- avia-align-center  avia-builder-el-4  el_before_av_image  avia-builder-el-first '   itemprop=\"image\" itemscope=\"itemscope\" itemtype=\"https:\/\/schema.org\/ImageObject\" ><div class=\"avia-image-container-inner\"><div class=\"avia-image-overlay-wrap\"><img decoding=\"async\" fetchpriority=\"high\" class='wp-image-174 avia-img-lazy-loading-not-174 avia_image ' src=\"https:\/\/anderstestar.se\/wp-content\/uploads\/2025\/03\/84b9728357053f60836ce1dbe6ad97f5554309d6.jpg\" alt='' title='84b9728357053f60836ce1dbe6ad97f5554309d6'  height=\"864\" width=\"1152\"  itemprop=\"thumbnailUrl\"  \/><\/div><\/div><\/div><br \/>\n\n<style type=\"text\/css\" data-created_by=\"avia_inline_auto\" id=\"style-css-av-19r95-19055bce553f030cb7117f4a185fbe68\">\n.avia-image-container.av-19r95-19055bce553f030cb7117f4a185fbe68 img.avia_image{\nbox-shadow:none;\n}\n.avia-image-container.av-19r95-19055bce553f030cb7117f4a185fbe68 .av-image-caption-overlay-center{\ncolor:#ffffff;\n}\n<\/style>\n<div  class='avia-image-container av-19r95-19055bce553f030cb7117f4a185fbe68 av-styling- avia-align-center  avia-builder-el-5  el_after_av_image  el_before_av_image '   itemprop=\"image\" itemscope=\"itemscope\" itemtype=\"https:\/\/schema.org\/ImageObject\" ><div class=\"avia-image-container-inner\"><div class=\"avia-image-overlay-wrap\"><img decoding=\"async\" fetchpriority=\"high\" class='wp-image-179 avia-img-lazy-loading-not-179 avia_image ' src=\"https:\/\/anderstestar.se\/wp-content\/uploads\/2025\/03\/IMG_8638.jpeg\" alt='' title='IMG_8638'  height=\"3024\" width=\"4032\"  itemprop=\"thumbnailUrl\"  \/><\/div><\/div><\/div><br \/>\n\n<style type=\"text\/css\" data-created_by=\"avia_inline_auto\" id=\"style-css-av-2qstl-3b0bbda2eb78dfe77bd9983571be6e09\">\n.avia-image-container.av-2qstl-3b0bbda2eb78dfe77bd9983571be6e09 img.avia_image{\nbox-shadow:none;\n}\n.avia-image-container.av-2qstl-3b0bbda2eb78dfe77bd9983571be6e09 .av-image-caption-overlay-center{\ncolor:#ffffff;\n}\n<\/style>\n<div  class='avia-image-container av-2qstl-3b0bbda2eb78dfe77bd9983571be6e09 av-styling- avia-align-center  avia-builder-el-6  el_after_av_image  avia-builder-el-last '   itemprop=\"image\" itemscope=\"itemscope\" itemtype=\"https:\/\/schema.org\/ImageObject\" ><div class=\"avia-image-container-inner\"><div class=\"avia-image-overlay-wrap\"><img decoding=\"async\" fetchpriority=\"high\" class='wp-image-182 avia-img-lazy-loading-not-182 avia_image ' src=\"https:\/\/anderstestar.se\/wp-content\/uploads\/2025\/03\/IMG_9706.jpeg\" alt='' title='IMG_9706'  height=\"4284\" width=\"5712\"  itemprop=\"thumbnailUrl\"  \/><\/div><\/div><\/div><\/p><\/div><\/p>\n","protected":false},"excerpt":{"rendered":"","protected":false},"author":1,"featured_media":0,"parent":0,"menu_order":0,"comment_status":"closed","ping_status":"closed","template":"","meta":{"footnotes":""},"class_list":["post-41","page","type-page","status-publish","hentry"],"jetpack_sharing_enabled":true,"_links":{"self":[{"href":"https:\/\/anderstestar.se\/index.php?rest_route=\/wp\/v2\/pages\/41","targetHints":{"allow":["GET"]}}],"collection":[{"href":"https:\/\/anderstestar.se\/index.php?rest_route=\/wp\/v2\/pages"}],"about":[{"href":"https:\/\/anderstestar.se\/index.php?rest_route=\/wp\/v2\/types\/page"}],"author":[{"embeddable":true,"href":"https:\/\/anderstestar.se\/index.php?rest_route=\/wp\/v2\/users\/1"}],"replies":[{"embeddable":true,"href":"https:\/\/anderstestar.se\/index.php?rest_route=%2Fwp%2Fv2%2Fcomments&post=41"}],"version-history":[{"count":15,"href":"https:\/\/anderstestar.se\/index.php?rest_route=\/wp\/v2\/pages\/41\/revisions"}],"predecessor-version":[{"id":217,"href":"https:\/\/anderstestar.se\/index.php?rest_route=\/wp\/v2\/pages\/41\/revisions\/217"}],"wp:attachment":[{"href":"https:\/\/anderstestar.se\/index.php?rest_route=%2Fwp%2Fv2%2Fmedia&parent=41"}],"curies":[{"name":"wp","href":"https:\/\/api.w.org\/{rel}","templated":true}]}}