{"id":380,"date":"2025-04-02T03:13:51","date_gmt":"2025-04-02T02:13:51","guid":{"rendered":"https:\/\/anderstestar.se\/?page_id=380"},"modified":"2025-10-13T01:13:07","modified_gmt":"2025-10-13T00:13:07","slug":"gaskok-och-gasatgang","status":"publish","type":"page","link":"https:\/\/anderstestar.se\/?page_id=380","title":{"rendered":"Gask\u00f6k, gas\u00e5tg\u00e5ng och gas i kyla"},"content":{"rendered":"<div  class='flex_column av-11iq2c-2bbba748f1e6a78fd6af9be45a3d2886 av_one_half  avia-builder-el-0  el_before_av_one_half  avia-builder-el-first  first flex_column_div  '     ><style type=\"text\/css\" data-created_by=\"avia_inline_auto\" id=\"style-css-av-m8zakjki-71c28eeb665751e69f5f2601d1270328\">\n#top .av_textblock_section.av-m8zakjki-71c28eeb665751e69f5f2601d1270328 .avia_textblock{\nfont-size:14px;\n}\n<\/style>\n<section  class='av_textblock_section av-m8zakjki-71c28eeb665751e69f5f2601d1270328 '   itemscope=\"itemscope\" itemtype=\"https:\/\/schema.org\/CreativeWork\" ><div class='avia_textblock'  itemprop=\"text\" ><h3>Gask\u00f6k och gas\u00e5tg\u00e5ng<\/h3>\n<p class=\"p1\">Jag f\u00e5r ofta fr\u00e5gan: \u201dhur l\u00e4nge h\u00e5ller en gasflaska\/patron?\u201d . Det \u00e4r ingen direkt l\u00e4tt fr\u00e5ga att svara p\u00e5, allt h\u00e4nger p\u00e5 enhetens effekt, vilken gas du valt, hur kallt\/varmt d\u00e4r du \u00e4r, vilken effekt du satt enheten p\u00e5, om du k\u00f6r full effekt hela tiden eller om du drar ner efter ett tag, etc etc. S\u00e5 jag har sammanst\u00e4llt en liten lista p\u00e5 n\u00e5gra k\u00f6k och deras gas\u00e5tg\u00e5ng. Detta b\u00f6r ge dig ett hum om hur l\u00e4nge gasen kommer h\u00e5lla. Finns inte ditt k\u00f6k med p\u00e5 listan s\u00e5 titta p\u00e5 tillverkarens hemsida\/i k\u00f6kets manual, tillverkarna brukar skriva detta i specifikationen.<\/p>\n<h6>Detta \u00e4r n\u00e5gra exempel p\u00e5 gask\u00f6k och deras gas\u00e5tg\u00e5ng och hur<br \/>\nl\u00e4nge en gaspatron kan r\u00e4cka vid full effekt.<\/h6>\n<p><a href=\"https:\/\/mylar.se\/products\/gaskok-kompakt-2670w-introduktionspris\" target=\"_blank\" rel=\"noopener\">Mylar gask\u00f6k kompakt 2.6kw<\/a> 120g\/h<br \/>\ngaspatron 227gr h\u00e5ller ca 113min<\/p>\n<p class=\"p1\"><span class=\"s1\"><a href=\"https:\/\/www.biltema.se\/fritid\/friluftsliv-och-camping\/gasolkok\/gaskok-rostfritt-22-kw-2000049923\" target=\"_blank\" rel=\"noopener\">Biltema 2.2kw portf\u00f6ljk\u00f6k<\/a> 160gr\/h<br \/>\n<\/span>gaspatron 227gr h\u00e5ller\u00a084-85min<\/p>\n<p class=\"p1\"><span class=\"s1\"><a href=\"https:\/\/www.biltema.se\/fritid\/friluftsliv-och-camping\/gasolkok\/gasolkok-3-kw-2000047678\" target=\"_blank\" rel=\"noopener\">biltema 3kw gask\u00f6k<\/a> 214g\/h<\/span><br \/>\n<span class=\"s1\">Gasflaska 230gr ca 64min p\u00e5 full effekt<br \/>\n<\/span><span class=\"s1\">Gasflaska 450gr ca 126 min p\u00e5 full effekt<\/span><\/p>\n<p class=\"p1\"><span class=\"s1\"><a href=\"https:\/\/trangia.se\/shop\/gasbrannare-gb74\/\" target=\"_blank\" rel=\"noopener\">Trangia gasbr\u00e4nnare 2.1kw<\/a> 150gr\/h<br \/>\n<\/span><span class=\"s1\">Gasflaska 230gr ca 92min p\u00e5 full effekt<br \/>\n<\/span><span class=\"s1\">Gasflaska 450gr ca 180min p\u00e5 full effekt <\/span><\/p>\n<p class=\"p1\"><span class=\"s1\"><a href=\"https:\/\/trangia.se\/shop\/gasbrannare-storm\/\" target=\"_blank\" rel=\"noopener\">Trangia gasbr\u00e4nnare STORM 2.3kw<\/a> 192g\/h<br \/>\n<\/span><span class=\"s1\">Gasflaska 230gr ca 71min p\u00e5 full effekt<br \/>\n<\/span><span class=\"s1\">Gasflaska 450gr ca 140min p\u00e5 full effekt <\/span><\/p>\n<p class=\"p1\"><span class=\"s1\"><a href=\"https:\/\/primusequipment.com\/products\/mimer-backpacking-stove-duo\" target=\"_blank\" rel=\"noopener\">Primus MIMER STOVE 2.8kw<\/a> 250g\/h<br \/>\n<\/span><span class=\"s1\">Gasflaska 230gr ca 55min p\u00e5 full effekt<br \/>\n<\/span><span class=\"s1\">Gasflaska 450gr ca 108min p\u00e5 full effekt <\/span><\/p>\n<p class=\"p1\"><span class=\"s1\"><a href=\"https:\/\/primusequipment.com\/en\/products\/lite-plus-stove-system-black\" target=\"_blank\" rel=\"noopener\">Primus LITE PLUS STOVE SYSTEM 1.5kw<\/a> 102gr\/h<br \/>\n<\/span><span class=\"s1\">Gasflaska 230gr ca 135min p\u00e5 full effekt<br \/>\n<\/span><span class=\"s1\">Gasflaska 450gr ca 264min p\u00e5 full effekt <\/span><\/p>\n<\/div><\/section><\/div>\n<div  class='flex_column av-x6d7g-680d27c8d08ef0532cdcbc19239e1468 av_one_half  avia-builder-el-2  el_after_av_one_half  el_before_av_one_half  flex_column_div  '     ><style type=\"text\/css\" data-created_by=\"avia_inline_auto\" id=\"style-css-av-m92vy9lc-3fb80af4b0dfe4668dbe2ca866ee5755\">\n#top .av_textblock_section.av-m92vy9lc-3fb80af4b0dfe4668dbe2ca866ee5755 .avia_textblock{\nfont-size:14px;\n}\n<\/style>\n<section  class='av_textblock_section av-m92vy9lc-3fb80af4b0dfe4668dbe2ca866ee5755 '   itemscope=\"itemscope\" itemtype=\"https:\/\/schema.org\/CreativeWork\" ><div class='avia_textblock'  itemprop=\"text\" ><p style=\"text-align: center;\">Gaspatron sprayflaskformat 227g<\/p>\n<\/div><\/section><br \/>\n\n<style type=\"text\/css\" data-created_by=\"avia_inline_auto\" id=\"style-css-av-m92vnkoq-65a197f39042d50e97588dd89b7c4861\">\n.avia-image-container.av-m92vnkoq-65a197f39042d50e97588dd89b7c4861 img.avia_image{\nbox-shadow:none;\n}\n.avia-image-container.av-m92vnkoq-65a197f39042d50e97588dd89b7c4861 .av-image-caption-overlay-center{\ncolor:#ffffff;\n}\n<\/style>\n<div  class='avia-image-container av-m92vnkoq-65a197f39042d50e97588dd89b7c4861 av-styling- av-img-linked avia-align-center  avia-builder-el-4  el_after_av_textblock  el_before_av_textblock '   itemprop=\"image\" itemscope=\"itemscope\" itemtype=\"https:\/\/schema.org\/ImageObject\" ><div class=\"avia-image-container-inner\"><div class=\"avia-image-overlay-wrap\"><a href=\"https:\/\/anderstestar.se\/wp-content\/uploads\/2025\/04\/88297-gaspatron-CP250-1906.jpg\" class='avia_image '  aria-label='88297 gaspatron CP250 1906'><img decoding=\"async\" fetchpriority=\"high\" class='wp-image-427 avia-img-lazy-loading-not-427 avia_image ' src=\"https:\/\/anderstestar.se\/wp-content\/uploads\/2025\/04\/88297-gaspatron-CP250-1906.jpg\" alt='' title='88297 gaspatron CP250 1906'  height=\"185\" width=\"185\"  itemprop=\"thumbnailUrl\"  \/><\/a><\/div><\/div><\/div><br \/>\n\n<style type=\"text\/css\" data-created_by=\"avia_inline_auto\" id=\"style-css-av-2wjes-a26ad5973def325d08ad8dec78bfe73a\">\n#top .av_textblock_section.av-2wjes-a26ad5973def325d08ad8dec78bfe73a .avia_textblock{\nfont-size:14px;\n}\n<\/style>\n<section  class='av_textblock_section av-2wjes-a26ad5973def325d08ad8dec78bfe73a '   itemscope=\"itemscope\" itemtype=\"https:\/\/schema.org\/CreativeWork\" ><div class='avia_textblock'  itemprop=\"text\" ><p style=\"text-align: center;\">Gaspatron EN417 230g<\/p>\n<\/div><\/section><br \/>\n\n<style type=\"text\/css\" data-created_by=\"avia_inline_auto\" id=\"style-css-av-kgags-0a4a634cc2a3d59ecdd4c500cc44e9df\">\n.avia-image-container.av-kgags-0a4a634cc2a3d59ecdd4c500cc44e9df img.avia_image{\nbox-shadow:none;\n}\n.avia-image-container.av-kgags-0a4a634cc2a3d59ecdd4c500cc44e9df .av-image-caption-overlay-center{\ncolor:#ffffff;\n}\n<\/style>\n<div  class='avia-image-container av-kgags-0a4a634cc2a3d59ecdd4c500cc44e9df av-styling- av-img-linked avia-align-center  avia-builder-el-6  el_after_av_textblock  el_before_av_textblock '   itemprop=\"image\" itemscope=\"itemscope\" itemtype=\"https:\/\/schema.org\/ImageObject\" ><div class=\"avia-image-container-inner\"><div class=\"avia-image-overlay-wrap\"><a href=\"https:\/\/anderstestar.se\/wp-content\/uploads\/2025\/04\/primus-gasbehallare-power-gas.jpg\" class='avia_image '  aria-label='primus-gasbehallare-power-gas'><img decoding=\"async\" fetchpriority=\"high\" class='wp-image-429 avia-img-lazy-loading-not-429 avia_image ' src=\"https:\/\/anderstestar.se\/wp-content\/uploads\/2025\/04\/primus-gasbehallare-power-gas.jpg\" alt='' title='primus-gasbehallare-power-gas'  height=\"185\" width=\"185\"  itemprop=\"thumbnailUrl\"  \/><\/a><\/div><\/div><\/div><br \/>\n\n<style type=\"text\/css\" data-created_by=\"avia_inline_auto\" id=\"style-css-av-hi4pg-28f127b22f00630293e89e7394de906c\">\n#top .av_textblock_section.av-hi4pg-28f127b22f00630293e89e7394de906c .avia_textblock{\nfont-size:14px;\n}\n<\/style>\n<section  class='av_textblock_section av-hi4pg-28f127b22f00630293e89e7394de906c '   itemscope=\"itemscope\" itemtype=\"https:\/\/schema.org\/CreativeWork\" ><div class='avia_textblock'  itemprop=\"text\" ><p style=\"text-align: center;\">Gaspatron EN417 450g<\/p>\n<\/div><\/section><br \/>\n\n<style type=\"text\/css\" data-created_by=\"avia_inline_auto\" id=\"style-css-av-8tbwk-844fcf9c598910202b3726e8664c232b\">\n.avia-image-container.av-8tbwk-844fcf9c598910202b3726e8664c232b img.avia_image{\nbox-shadow:none;\n}\n.avia-image-container.av-8tbwk-844fcf9c598910202b3726e8664c232b .av-image-caption-overlay-center{\ncolor:#ffffff;\n}\n<\/style>\n<div  class='avia-image-container av-8tbwk-844fcf9c598910202b3726e8664c232b av-styling- av-img-linked avia-align-center  avia-builder-el-8  el_after_av_textblock  avia-builder-el-last '   itemprop=\"image\" itemscope=\"itemscope\" itemtype=\"https:\/\/schema.org\/ImageObject\" ><div class=\"avia-image-container-inner\"><div class=\"avia-image-overlay-wrap\"><a href=\"https:\/\/anderstestar.se\/wp-content\/uploads\/2025\/04\/gasflaska-primus-power-gas-450-gram-m-2.jpg\" class='avia_image '  aria-label='gasflaska-primus-power-gas-450-gram-m-2'><img decoding=\"async\" fetchpriority=\"high\" class='wp-image-428 avia-img-lazy-loading-not-428 avia_image ' src=\"https:\/\/anderstestar.se\/wp-content\/uploads\/2025\/04\/gasflaska-primus-power-gas-450-gram-m-2.jpg\" alt='' title='gasflaska-primus-power-gas-450-gram-m-2'  height=\"185\" width=\"185\"  itemprop=\"thumbnailUrl\"  \/><\/a><\/div><\/div><\/div><\/p><\/div>\n<div  class='flex_column av-d7f9g-afb01a4f497d986ddca7da9fd476a2ff av_one_half  avia-builder-el-9  el_after_av_one_half  el_before_av_one_half  first flex_column_div  column-top-margin'     ><section  class='av_textblock_section av-mgocrot9-02cc78bf4e00df598ab7002588b3acd0 '   itemscope=\"itemscope\" itemtype=\"https:\/\/schema.org\/CreativeWork\" ><div class='avia_textblock'  itemprop=\"text\" ><h4>Gas och kyla<\/h4>\n<p>Den vanliga gasen man k\u00f6per (biltema,Jula, Primus mm) inneh\u00e5ller butangas och kallas sommargas, denna ska inte klara kyla.<br \/>\nF\u00f6r att klara minusgrader rekommenderas n\u00e5got som heter &#8220;vintergas&#8221; (oftast en blandning mellan propan och isobutan) och ska klara temperaturer p\u00e5 -22. Dock \u00e4r denna gas rej\u00e4lt dyrare och inget som finns p\u00e5 Biltema eller Jula mm.<\/p>\n<p>Men vad h\u00e4nder om du anv\u00e4nder en &#8220;vanlig sommargas&#8221; i minusgrader? Funkar det inte alls eller vad h\u00e4nder?<br \/>\nJag hade -12 grader ute och var helt enkelt tvungen att testa vad som h\u00e4nder.<\/p>\n<p class=\"p1\"><span class=\"s1\">Sagt och gjort, jag sl\u00e4ngde ut 4 olika gasflaskor ute. 2st gaspatroner 227gr i sprayburks format (Biltema och Kayoba) <\/span><\/p>\n<p class=\"p1\"><span class=\"s1\">Samt 1st Biltema campingflaska 230gr och 1st Biltema campinggasflaska 450gr. Alla flaskorna utom Kayoba var p\u00e5b\u00f6rjade och anv\u00e4nda innan. Ingen av gasflaskorna\/patronerna \u00e4r vintergas. <\/span><\/p>\n<p class=\"p1\"><span class=\"s1\">Testet g\u00e5r ut p\u00e5 att koka 1l kran kallt vatten.<br \/>\n<\/span><span class=\"s1\">Jag anv\u00e4nder Trangias gryta i varje test med Trangias lock. Kok tiden med samma utrustning men med gas i rumstemperatur \u00e4r inom parentes.<\/span><\/p>\n<h5 class=\"p1\"><span class=\"s1\"><a href=\"https:\/\/trangia.se\/shop\/trangiakok-25-23-ul-d\/\" target=\"_blank\" rel=\"noopener\">Trangia k\u00f6ket 25-3 med gasbr\u00e4nnare GB74<\/a>:<\/span><\/h5>\n<p class=\"p1\"><span class=\"s1\"><a href=\"https:\/\/www.biltema.se\/fritid\/friluftsliv-och-camping\/gasolkok\/gasolbehallare-300-g600-ml-2000046889?utm_source=google&amp;utm_medium=cpc&amp;utm_campaign=p-shopping-LIA-low&amp;gad_source=1&amp;gad_campaignid=1625842709&amp;gbraid=0AAAAADowiYhlpqNS3Vw4JqR9yAJl69PcC&amp;gclid=Cj0KCQjwo63HBhCKARIsAHOHV_X9xv-rTLGm2vhlouWwBbp5FVzpVZIskQo9pZd7vcTu8bAs1WWwF90aAsV7EALw_wcB\" target=\"_blank\" rel=\"noopener\">Biltema gasflaska 230gr<\/a>:<br \/>\n<\/span><span class=\"s1\">Inga problem att t\u00e4nda, inte samma tryck som det brukar. kokar upp 1l vatten p\u00e5 13min 12min<br \/>\n(rumstemperatur: 4min 15sek)<\/span><\/p>\n<p class=\"p1\"><span class=\"s1\"><a href=\"https:\/\/www.biltema.se\/fritid\/friluftsliv-och-camping\/gasolkok\/gasolbehallare-450-g900-ml-2000046888?utm_source=google&amp;utm_medium=cpc&amp;utm_campaign=p-shopping-LIA-low&amp;gad_source=1&amp;gad_campaignid=1625842709&amp;gbraid=0AAAAADowiYhlpqNS3Vw4JqR9yAJl69PcC&amp;gclid=Cj0KCQjwo63HBhCKARIsAHOHV_WgEtjBGyldRmRwAEKQybFzubJl7lCcnnRjjbMIzuykRsnSwh3tYt0aAko4EALw_wcB\" target=\"_blank\" rel=\"noopener\">Biltema gasflaska 450gr:<\/a><br \/>\n<\/span><span class=\"s1\">Inga problem att t\u00e4nda, k\u00e4ndes som samma tryck som vanligt. Kokar upp 1l vatten p\u00e5 9min 53sek<br \/>\n(rumstemperatur: 4min 7sek)<\/span><\/p>\n<h5 class=\"p1\"><span class=\"s1\"><a href=\"https:\/\/www.biltema.se\/fritid\/friluftsliv-och-camping\/gasolkok\/gaskok-2-kw-2000057982\" target=\"_blank\" rel=\"noopener\">Biltema 2kw portf\u00f6ljk\u00f6k<\/a>:<\/span><\/h5>\n<p class=\"p1\"><span class=\"s1\"><a href=\"https:\/\/www.biltema.se\/fritid\/friluftsliv-och-camping\/gasolkok\/gasolbehallare-227-g392-ml-2000046890\" target=\"_blank\" rel=\"noopener\">Biltema gaspatron 227gr<\/a>:<br \/>\n<\/span><span class=\"s1\">Tog n\u00e5gra f\u00f6rs\u00f6k att t\u00e4nda, n\u00e4r den v\u00e4l t\u00e4nde s\u00e5 var l\u00e5gan v\u00e4ldigt svag. 1l vatten kokade p\u00e5 12min 48sek<br \/>\n(rumstemperatur: 5min 25min). <\/span><\/p>\n<p class=\"p1\"><span class=\"s1\"><a href=\"https:\/\/www.jula.se\/catalog\/fritid\/friluftsliv-och-camping\/friluftsutrustning\/friluftskok\/gaspatron-butangas-010994\/\" target=\"_blank\" rel=\"noopener\">Kayoba gaspatron 227gr<\/a>:<br \/>\n<\/span><span class=\"s1\">Denna t\u00e4nde direkt utan problem, l\u00e5gan gick ner lite efter t\u00e4ndning och va l\u00e4gre \u00e4n normalt (som Biltemas gas) koktid: 12min 29sek.<br \/>\n(rumstemperatur: 6min 19sek).<br \/>\n<\/span><\/p>\n<div class=\"x14z9mp xat24cr x1lziwak x1vvkbs xtlvy1s\">\n<div dir=\"auto\"><\/div>\n<\/div>\n<\/div><\/section><\/div>\n<div  class='flex_column av-824qk-6a4d3bab7b97739ff9bb7fb6e2df9478 av_one_half  avia-builder-el-11  el_after_av_one_half  avia-builder-el-last  flex_column_div  column-top-margin'     ><p>\n<style type=\"text\/css\" data-created_by=\"avia_inline_auto\" id=\"style-css-av-mgodgy4d-6ae8c6bf1abec246c5985db2f14ef0ba\">\n.avia-image-container.av-mgodgy4d-6ae8c6bf1abec246c5985db2f14ef0ba img.avia_image{\nbox-shadow:none;\n}\n.avia-image-container.av-mgodgy4d-6ae8c6bf1abec246c5985db2f14ef0ba .av-image-caption-overlay-center{\ncolor:#ffffff;\n}\n<\/style>\n<div  class='avia-image-container av-mgodgy4d-6ae8c6bf1abec246c5985db2f14ef0ba av-styling- av-img-linked avia-align-center  avia-builder-el-12  el_before_av_image  avia-builder-el-first '   itemprop=\"image\" itemscope=\"itemscope\" itemtype=\"https:\/\/schema.org\/ImageObject\" ><div class=\"avia-image-container-inner\"><div class=\"avia-image-overlay-wrap\"><a href=\"https:\/\/anderstestar.se\/wp-content\/uploads\/2025\/10\/503310469_10227157121864257_8442854979094207690_n-1030x773.jpg\" data-srcset=\"https:\/\/anderstestar.se\/wp-content\/uploads\/2025\/10\/503310469_10227157121864257_8442854979094207690_n-1030x773.jpg 1030w, https:\/\/anderstestar.se\/wp-content\/uploads\/2025\/10\/503310469_10227157121864257_8442854979094207690_n-300x225.jpg 300w, https:\/\/anderstestar.se\/wp-content\/uploads\/2025\/10\/503310469_10227157121864257_8442854979094207690_n-768x576.jpg 768w, https:\/\/anderstestar.se\/wp-content\/uploads\/2025\/10\/503310469_10227157121864257_8442854979094207690_n-1536x1152.jpg 1536w, https:\/\/anderstestar.se\/wp-content\/uploads\/2025\/10\/503310469_10227157121864257_8442854979094207690_n-1500x1125.jpg 1500w, https:\/\/anderstestar.se\/wp-content\/uploads\/2025\/10\/503310469_10227157121864257_8442854979094207690_n-705x529.jpg 705w, https:\/\/anderstestar.se\/wp-content\/uploads\/2025\/10\/503310469_10227157121864257_8442854979094207690_n.jpg 2048w\" data-sizes=\"(max-width: 1030px) 100vw, 1030px\" class='avia_image '  aria-label='503310469_10227157121864257_8442854979094207690_n'><img decoding=\"async\" fetchpriority=\"high\" class='wp-image-1223 avia-img-lazy-loading-not-1223 avia_image ' src=\"https:\/\/anderstestar.se\/wp-content\/uploads\/2025\/10\/503310469_10227157121864257_8442854979094207690_n-300x225.jpg\" alt='' title='503310469_10227157121864257_8442854979094207690_n'  height=\"225\" width=\"300\"  itemprop=\"thumbnailUrl\" srcset=\"https:\/\/anderstestar.se\/wp-content\/uploads\/2025\/10\/503310469_10227157121864257_8442854979094207690_n-300x225.jpg 300w, https:\/\/anderstestar.se\/wp-content\/uploads\/2025\/10\/503310469_10227157121864257_8442854979094207690_n-1030x773.jpg 1030w, https:\/\/anderstestar.se\/wp-content\/uploads\/2025\/10\/503310469_10227157121864257_8442854979094207690_n-768x576.jpg 768w, https:\/\/anderstestar.se\/wp-content\/uploads\/2025\/10\/503310469_10227157121864257_8442854979094207690_n-1536x1152.jpg 1536w, https:\/\/anderstestar.se\/wp-content\/uploads\/2025\/10\/503310469_10227157121864257_8442854979094207690_n-1500x1125.jpg 1500w, https:\/\/anderstestar.se\/wp-content\/uploads\/2025\/10\/503310469_10227157121864257_8442854979094207690_n-705x529.jpg 705w, https:\/\/anderstestar.se\/wp-content\/uploads\/2025\/10\/503310469_10227157121864257_8442854979094207690_n.jpg 2048w\" sizes=\"(max-width: 300px) 100vw, 300px\" \/><\/a><\/div><\/div><\/div><br \/>\n\n<style type=\"text\/css\" data-created_by=\"avia_inline_auto\" id=\"style-css-av-av_image-7a11992e2746fb753fc1802589a57e88\">\n.avia-image-container.av-av_image-7a11992e2746fb753fc1802589a57e88 img.avia_image{\nbox-shadow:none;\n}\n.avia-image-container.av-av_image-7a11992e2746fb753fc1802589a57e88 .av-image-caption-overlay-center{\ncolor:#ffffff;\n}\n<\/style>\n<div  class='avia-image-container av-av_image-7a11992e2746fb753fc1802589a57e88 av-styling- av-img-linked avia-align-center  avia-builder-el-13  el_after_av_image  el_before_av_image '   itemprop=\"image\" itemscope=\"itemscope\" itemtype=\"https:\/\/schema.org\/ImageObject\" ><div class=\"avia-image-container-inner\"><div class=\"avia-image-overlay-wrap\"><a href=\"https:\/\/anderstestar.se\/wp-content\/uploads\/2025\/10\/503322341_10227157123344294_7149372671064966346_n-773x1030.jpg\" data-srcset=\"https:\/\/anderstestar.se\/wp-content\/uploads\/2025\/10\/503322341_10227157123344294_7149372671064966346_n-773x1030.jpg 773w, https:\/\/anderstestar.se\/wp-content\/uploads\/2025\/10\/503322341_10227157123344294_7149372671064966346_n-225x300.jpg 225w, https:\/\/anderstestar.se\/wp-content\/uploads\/2025\/10\/503322341_10227157123344294_7149372671064966346_n-768x1024.jpg 768w, https:\/\/anderstestar.se\/wp-content\/uploads\/2025\/10\/503322341_10227157123344294_7149372671064966346_n-1152x1536.jpg 1152w, https:\/\/anderstestar.se\/wp-content\/uploads\/2025\/10\/503322341_10227157123344294_7149372671064966346_n-1125x1500.jpg 1125w, https:\/\/anderstestar.se\/wp-content\/uploads\/2025\/10\/503322341_10227157123344294_7149372671064966346_n-529x705.jpg 529w, https:\/\/anderstestar.se\/wp-content\/uploads\/2025\/10\/503322341_10227157123344294_7149372671064966346_n.jpg 1536w\" data-sizes=\"(max-width: 773px) 100vw, 773px\" class='avia_image '  aria-label='503322341_10227157123344294_7149372671064966346_n'><img decoding=\"async\" fetchpriority=\"high\" class='wp-image-1221 avia-img-lazy-loading-not-1221 avia_image ' src=\"https:\/\/anderstestar.se\/wp-content\/uploads\/2025\/10\/503322341_10227157123344294_7149372671064966346_n-225x300.jpg\" alt='' title='503322341_10227157123344294_7149372671064966346_n'  height=\"300\" width=\"225\"  itemprop=\"thumbnailUrl\" srcset=\"https:\/\/anderstestar.se\/wp-content\/uploads\/2025\/10\/503322341_10227157123344294_7149372671064966346_n-225x300.jpg 225w, https:\/\/anderstestar.se\/wp-content\/uploads\/2025\/10\/503322341_10227157123344294_7149372671064966346_n-773x1030.jpg 773w, https:\/\/anderstestar.se\/wp-content\/uploads\/2025\/10\/503322341_10227157123344294_7149372671064966346_n-768x1024.jpg 768w, https:\/\/anderstestar.se\/wp-content\/uploads\/2025\/10\/503322341_10227157123344294_7149372671064966346_n-1152x1536.jpg 1152w, https:\/\/anderstestar.se\/wp-content\/uploads\/2025\/10\/503322341_10227157123344294_7149372671064966346_n-1125x1500.jpg 1125w, https:\/\/anderstestar.se\/wp-content\/uploads\/2025\/10\/503322341_10227157123344294_7149372671064966346_n-529x705.jpg 529w, https:\/\/anderstestar.se\/wp-content\/uploads\/2025\/10\/503322341_10227157123344294_7149372671064966346_n.jpg 1536w\" sizes=\"(max-width: 225px) 100vw, 225px\" \/><\/a><\/div><\/div><\/div><br \/>\n\n<style type=\"text\/css\" data-created_by=\"avia_inline_auto\" id=\"style-css-av-mgodhqry-f51aa53a7d1f7b3f953bff58e4b43f86\">\n.avia-image-container.av-mgodhqry-f51aa53a7d1f7b3f953bff58e4b43f86 img.avia_image{\nbox-shadow:none;\n}\n.avia-image-container.av-mgodhqry-f51aa53a7d1f7b3f953bff58e4b43f86 .av-image-caption-overlay-center{\ncolor:#ffffff;\n}\n<\/style>\n<div  class='avia-image-container av-mgodhqry-f51aa53a7d1f7b3f953bff58e4b43f86 av-styling- av-img-linked avia-align-center  avia-builder-el-14  el_after_av_image  el_before_av_image '   itemprop=\"image\" itemscope=\"itemscope\" itemtype=\"https:\/\/schema.org\/ImageObject\" ><div class=\"avia-image-container-inner\"><div class=\"avia-image-overlay-wrap\"><a href=\"https:\/\/anderstestar.se\/wp-content\/uploads\/2025\/10\/503250856_10227157122744279_699260333560129474_n-1030x771.jpg\" data-srcset=\"https:\/\/anderstestar.se\/wp-content\/uploads\/2025\/10\/503250856_10227157122744279_699260333560129474_n-1030x771.jpg 1030w, https:\/\/anderstestar.se\/wp-content\/uploads\/2025\/10\/503250856_10227157122744279_699260333560129474_n-300x224.jpg 300w, https:\/\/anderstestar.se\/wp-content\/uploads\/2025\/10\/503250856_10227157122744279_699260333560129474_n-768x575.jpg 768w, https:\/\/anderstestar.se\/wp-content\/uploads\/2025\/10\/503250856_10227157122744279_699260333560129474_n-705x527.jpg 705w, https:\/\/anderstestar.se\/wp-content\/uploads\/2025\/10\/503250856_10227157122744279_699260333560129474_n.jpg 1179w\" data-sizes=\"(max-width: 1030px) 100vw, 1030px\" class='avia_image '  aria-label='503250856_10227157122744279_699260333560129474_n'><img decoding=\"async\" fetchpriority=\"high\" class='wp-image-1218 avia-img-lazy-loading-not-1218 avia_image ' src=\"https:\/\/anderstestar.se\/wp-content\/uploads\/2025\/10\/503250856_10227157122744279_699260333560129474_n-300x224.jpg\" alt='' title='503250856_10227157122744279_699260333560129474_n'  height=\"224\" width=\"300\"  itemprop=\"thumbnailUrl\" srcset=\"https:\/\/anderstestar.se\/wp-content\/uploads\/2025\/10\/503250856_10227157122744279_699260333560129474_n-300x224.jpg 300w, https:\/\/anderstestar.se\/wp-content\/uploads\/2025\/10\/503250856_10227157122744279_699260333560129474_n-1030x771.jpg 1030w, https:\/\/anderstestar.se\/wp-content\/uploads\/2025\/10\/503250856_10227157122744279_699260333560129474_n-768x575.jpg 768w, https:\/\/anderstestar.se\/wp-content\/uploads\/2025\/10\/503250856_10227157122744279_699260333560129474_n-705x527.jpg 705w, https:\/\/anderstestar.se\/wp-content\/uploads\/2025\/10\/503250856_10227157122744279_699260333560129474_n.jpg 1179w\" sizes=\"(max-width: 300px) 100vw, 300px\" \/><\/a><\/div><\/div><\/div><br \/>\n\n<style type=\"text\/css\" data-created_by=\"avia_inline_auto\" id=\"style-css-av-mgodi95i-51c160fbd117be16c1c67476d52ceb41\">\n.avia-image-container.av-mgodi95i-51c160fbd117be16c1c67476d52ceb41 img.avia_image{\nbox-shadow:none;\n}\n.avia-image-container.av-mgodi95i-51c160fbd117be16c1c67476d52ceb41 .av-image-caption-overlay-center{\ncolor:#ffffff;\n}\n<\/style>\n<div  class='avia-image-container av-mgodi95i-51c160fbd117be16c1c67476d52ceb41 av-styling- av-img-linked avia-align-center  avia-builder-el-15  el_after_av_image  avia-builder-el-last '   itemprop=\"image\" itemscope=\"itemscope\" itemtype=\"https:\/\/schema.org\/ImageObject\" ><div class=\"avia-image-container-inner\"><div class=\"avia-image-overlay-wrap\"><a href=\"https:\/\/anderstestar.se\/wp-content\/uploads\/2025\/10\/503507440_10227157122544274_5997056387368881437_n-1030x771.jpg\" data-srcset=\"https:\/\/anderstestar.se\/wp-content\/uploads\/2025\/10\/503507440_10227157122544274_5997056387368881437_n-1030x771.jpg 1030w, https:\/\/anderstestar.se\/wp-content\/uploads\/2025\/10\/503507440_10227157122544274_5997056387368881437_n-300x224.jpg 300w, https:\/\/anderstestar.se\/wp-content\/uploads\/2025\/10\/503507440_10227157122544274_5997056387368881437_n-768x575.jpg 768w, https:\/\/anderstestar.se\/wp-content\/uploads\/2025\/10\/503507440_10227157122544274_5997056387368881437_n-705x527.jpg 705w, https:\/\/anderstestar.se\/wp-content\/uploads\/2025\/10\/503507440_10227157122544274_5997056387368881437_n.jpg 1179w\" data-sizes=\"(max-width: 1030px) 100vw, 1030px\" class='avia_image '  aria-label='503507440_10227157122544274_5997056387368881437_n'><img decoding=\"async\" fetchpriority=\"high\" class='wp-image-1220 avia-img-lazy-loading-not-1220 avia_image ' src=\"https:\/\/anderstestar.se\/wp-content\/uploads\/2025\/10\/503507440_10227157122544274_5997056387368881437_n-300x224.jpg\" alt='' title='503507440_10227157122544274_5997056387368881437_n'  height=\"224\" width=\"300\"  itemprop=\"thumbnailUrl\" srcset=\"https:\/\/anderstestar.se\/wp-content\/uploads\/2025\/10\/503507440_10227157122544274_5997056387368881437_n-300x224.jpg 300w, https:\/\/anderstestar.se\/wp-content\/uploads\/2025\/10\/503507440_10227157122544274_5997056387368881437_n-1030x771.jpg 1030w, https:\/\/anderstestar.se\/wp-content\/uploads\/2025\/10\/503507440_10227157122544274_5997056387368881437_n-768x575.jpg 768w, https:\/\/anderstestar.se\/wp-content\/uploads\/2025\/10\/503507440_10227157122544274_5997056387368881437_n-705x527.jpg 705w, https:\/\/anderstestar.se\/wp-content\/uploads\/2025\/10\/503507440_10227157122544274_5997056387368881437_n.jpg 1179w\" sizes=\"(max-width: 300px) 100vw, 300px\" \/><\/a><\/div><\/div><\/div><\/p><\/div>\n","protected":false},"excerpt":{"rendered":"","protected":false},"author":1,"featured_media":0,"parent":0,"menu_order":0,"comment_status":"closed","ping_status":"closed","template":"","meta":{"footnotes":""},"class_list":["post-380","page","type-page","status-publish","hentry"],"jetpack_sharing_enabled":true,"_links":{"self":[{"href":"https:\/\/anderstestar.se\/index.php?rest_route=\/wp\/v2\/pages\/380","targetHints":{"allow":["GET"]}}],"collection":[{"href":"https:\/\/anderstestar.se\/index.php?rest_route=\/wp\/v2\/pages"}],"about":[{"href":"https:\/\/anderstestar.se\/index.php?rest_route=\/wp\/v2\/types\/page"}],"author":[{"embeddable":true,"href":"https:\/\/anderstestar.se\/index.php?rest_route=\/wp\/v2\/users\/1"}],"replies":[{"embeddable":true,"href":"https:\/\/anderstestar.se\/index.php?rest_route=%2Fwp%2Fv2%2Fcomments&post=380"}],"version-history":[{"count":22,"href":"https:\/\/anderstestar.se\/index.php?rest_route=\/wp\/v2\/pages\/380\/revisions"}],"predecessor-version":[{"id":1216,"href":"https:\/\/anderstestar.se\/index.php?rest_route=\/wp\/v2\/pages\/380\/revisions\/1216"}],"wp:attachment":[{"href":"https:\/\/anderstestar.se\/index.php?rest_route=%2Fwp%2Fv2%2Fmedia&parent=380"}],"curies":[{"name":"wp","href":"https:\/\/api.w.org\/{rel}","templated":true}]}}