{"id":38,"date":"2025-03-21T13:02:59","date_gmt":"2025-03-21T13:02:59","guid":{"rendered":"http:\/\/mrpepsi.se\/?page_id=38"},"modified":"2025-03-23T23:07:38","modified_gmt":"2025-03-23T23:07:38","slug":"odlingsmedier","status":"publish","type":"page","link":"https:\/\/anderstestar.se\/?page_id=38","title":{"rendered":"Odlingsmedier"},"content":{"rendered":"<div  class='flex_column av-218de-79a4e98021f92d99c5f7761d1573f2d3 av_one_full  avia-builder-el-0  el_before_av_one_half  avia-builder-el-first  first flex_column_div  '     ><section  class='av_textblock_section av-m8m8s2gp-f2f11af5da91695e5e8db2d2ade66c08 '   itemscope=\"itemscope\" itemtype=\"https:\/\/schema.org\/CreativeWork\" ><div class='avia_textblock'  itemprop=\"text\" ><h6>Odlingspluggar f\u00f6r Hydroponisk Odling<\/h6>\n<p>N\u00e4r det kommer till hydroponisk odling \u00e4r valet av odlingspluggar avg\u00f6rande f\u00f6r v\u00e4xternas tillv\u00e4xt och h\u00e4lsa. H\u00e4r \u00e4r en sammanfattning av de vanligaste typerna av odlingspluggar och deras egenskaper:<\/p>\n<\/div><\/section><\/div>\n<div  class='flex_column av-1ianq-ded024bc5b29d259dd9ab173b0d0ebc6 av_one_half  avia-builder-el-2  el_after_av_one_full  el_before_av_one_half  first flex_column_div  column-top-margin'     ><style type=\"text\/css\" data-created_by=\"avia_inline_auto\" id=\"style-css-av-m8kktj7s-44cfa9f386ff93481269f0be99fb449f\">\n#top .av_textblock_section.av-m8kktj7s-44cfa9f386ff93481269f0be99fb449f .avia_textblock{\nfont-size:14px;\n}\n<\/style>\n<section  class='av_textblock_section av-m8kktj7s-44cfa9f386ff93481269f0be99fb449f '   itemscope=\"itemscope\" itemtype=\"https:\/\/schema.org\/CreativeWork\" ><div class='avia_textblock'  itemprop=\"text\" ><p>1. Rockwool<br \/>\n&#8211; Egenskaper: Tillverkas av sm\u00e4lt basaltsten som spinns till fibrer. Rockwool har utm\u00e4rkta vattenh\u00e5llande egenskaper och ger bra syretillg\u00e5ng.<br \/>\n&#8211; F\u00f6rdelar: H\u00e5ller fukt bra och \u00e4r l\u00e4tt att hantera.<br \/>\n&#8211; Nackdelar: Kan vara alkalisk, vilket kan p\u00e5verka pH-niv\u00e5erna.<\/p>\n<p>2. Kokosfiber<br \/>\n&#8211; Egenskaper: Naturligt material som kommer fr\u00e5n kokosn\u00f6tter. Kokosfiber \u00e4r biologiskt nedbrytbart och har god dr\u00e4nering.<br \/>\n&#8211; F\u00f6rdelar: Bra f\u00f6r luftcirkulation och h\u00e5llbarhet.<br \/>\n&#8211; Nackdelar: Kan h\u00e5lla kvar f\u00f6r mycket vatten om det inte blandas med andra medium.<\/p>\n<p>3. Perlit<br \/>\n&#8211; Egenskaper: L\u00e4ttviktig, vit mineral som expanderar vid upphettning. Perlit anv\u00e4nds ofta i blandningar f\u00f6r att f\u00f6rb\u00e4ttra dr\u00e4nering och syretillg\u00e5ng.<br \/>\n&#8211; F\u00f6rdelar: Bra dr\u00e4nering och l\u00e5g vikt.<br \/>\n&#8211; Nackdelar: H\u00e5ller inte kvar fukt lika bra som andra medium.<\/p>\n<p>4. Vermikulit<br \/>\n&#8211; Egenskaper: Mineral som expanderar vid upphettning, liknande perlit men med b\u00e4ttre vattenh\u00e5llande egenskaper.<br \/>\n&#8211; F\u00f6rdelar: H\u00e5ller kvar fukt och n\u00e4rings\u00e4mnen effektivt.<br \/>\n&#8211; Nackdelar: Kan bli kompakt \u00f6ver tid, vilket kan p\u00e5verka dr\u00e4neringen.<\/p>\n<p>5. Styrofoam (frigolit)<br \/>\n&#8211; Egenskaper: Anv\u00e4nds ofta i kombination med andra medium f\u00f6r att skapa flytande system. Styrofoam \u00e4r l\u00e4tt och flyter p\u00e5 vatten.<br \/>\n&#8211; F\u00f6rdelar: Bra f\u00f6r flytande odlingssystem och l\u00e4tt att arbeta med.<br \/>\n&#8211; Nackdelar: Inte biologiskt nedbrytbart och kan p\u00e5verka milj\u00f6n negativt.<\/p>\n<p>6. Biologiskt Nedbrytbara Pluggar<br \/>\n&#8211; Egenskaper: Tillverkade av material som torv eller komposterbara fibrer. Dessa pluggar \u00e4r milj\u00f6v\u00e4nliga och bryts ner \u00f6ver tid.<br \/>\n&#8211; F\u00f6rdelar: H\u00e5llbara alternativ som minskar avfall.<br \/>\n&#8211; Nackdelar: Kan ha kortare livsl\u00e4ngd j\u00e4mf\u00f6rt med syntetiska alternativ.<\/p>\n<p>7. Skumgummi Pluggar<br \/>\n&#8211; Egenskaper: Tillverkade av skumgummi, dessa pluggar erbjuder en mjuk och flexibel struktur som ger bra st\u00f6d f\u00f6r v\u00e4xternas r\u00f6tter.<br \/>\n&#8211; F\u00f6rdelar: Utm\u00e4rkt luftcirkulation och fuktighetsh\u00e5llande egenskaper; l\u00e4mpliga f\u00f6r b\u00e5de fr\u00f6er och sticklingar.<br \/>\n&#8211; Nackdelar: Kan brytas ner \u00f6ver tid och beh\u00f6ver bytas ut oftare \u00e4n vissa andra alternativ.<\/p>\n<p>Att v\u00e4lja r\u00e4tt odlingsplugg \u00e4r viktigt f\u00f6r att optimera din hydroponiska odling. Varje typ har sina egna f\u00f6rdelar och nackdelar, s\u00e5 det \u00e4r viktigt att \u00f6verv\u00e4ga dina specifika behov och odlingsmetod n\u00e4r du g\u00f6r ditt val!<\/p>\n<\/div><\/section><\/div>\n<div  class='flex_column av-16jny-c5b535e2908fe0c1f34e4b3dfc8f462f av_one_half  avia-builder-el-4  el_after_av_one_half  avia-builder-el-last  flex_column_div  column-top-margin'     ><p>\n<style type=\"text\/css\" data-created_by=\"avia_inline_auto\" id=\"style-css-av-m8m8szvl-960b46dc105fea568927cfa09b0f3c4c\">\n.avia-image-container.av-m8m8szvl-960b46dc105fea568927cfa09b0f3c4c img.avia_image{\nbox-shadow:none;\n}\n.avia-image-container.av-m8m8szvl-960b46dc105fea568927cfa09b0f3c4c .av-image-caption-overlay-center{\ncolor:#ffffff;\n}\n<\/style>\n<div  class='avia-image-container av-m8m8szvl-960b46dc105fea568927cfa09b0f3c4c av-styling- avia-align-center  avia-builder-el-5  el_before_av_image  avia-builder-el-first '   itemprop=\"image\" itemscope=\"itemscope\" itemtype=\"https:\/\/schema.org\/ImageObject\" ><div class=\"avia-image-container-inner\"><div class=\"avia-image-overlay-wrap\"><img decoding=\"async\" fetchpriority=\"high\" class='wp-image-200 avia-img-lazy-loading-not-200 avia_image ' src=\"https:\/\/anderstestar.se\/wp-content\/uploads\/2025\/03\/20230523_180543097_iOS.jpeg\" alt='' title='20230523_180543097_iOS'  height=\"371\" width=\"495\"  itemprop=\"thumbnailUrl\"  \/><\/div><\/div><\/div><br \/>\n\n<style type=\"text\/css\" data-created_by=\"avia_inline_auto\" id=\"style-css-av-m8m8tuob-a7a6d990b1dea5c749f4ff9e584a8171\">\n.avia-image-container.av-m8m8tuob-a7a6d990b1dea5c749f4ff9e584a8171 img.avia_image{\nbox-shadow:none;\n}\n.avia-image-container.av-m8m8tuob-a7a6d990b1dea5c749f4ff9e584a8171 .av-image-caption-overlay-center{\ncolor:#ffffff;\n}\n<\/style>\n<div  class='avia-image-container av-m8m8tuob-a7a6d990b1dea5c749f4ff9e584a8171 av-styling- avia-align-center  avia-builder-el-6  el_after_av_image  el_before_av_image '   itemprop=\"image\" itemscope=\"itemscope\" itemtype=\"https:\/\/schema.org\/ImageObject\" ><div class=\"avia-image-container-inner\"><div class=\"avia-image-overlay-wrap\"><img decoding=\"async\" fetchpriority=\"high\" class='wp-image-199 avia-img-lazy-loading-not-199 avia_image ' src=\"https:\/\/anderstestar.se\/wp-content\/uploads\/2025\/03\/20230120_130427424_iOS.jpeg\" alt='' title='20230120_130427424_iOS'  height=\"400\" width=\"300\"  itemprop=\"thumbnailUrl\"  \/><\/div><\/div><\/div><br \/>\n\n<style type=\"text\/css\" data-created_by=\"avia_inline_auto\" id=\"style-css-av-m8m8u53t-545b6b23b907c67818a991daaf9e146e\">\n.avia-image-container.av-m8m8u53t-545b6b23b907c67818a991daaf9e146e img.avia_image{\nbox-shadow:none;\n}\n.avia-image-container.av-m8m8u53t-545b6b23b907c67818a991daaf9e146e .av-image-caption-overlay-center{\ncolor:#ffffff;\n}\n<\/style>\n<div  class='avia-image-container av-m8m8u53t-545b6b23b907c67818a991daaf9e146e av-styling- avia-align-center  avia-builder-el-7  el_after_av_image  avia-builder-el-last '   itemprop=\"image\" itemscope=\"itemscope\" itemtype=\"https:\/\/schema.org\/ImageObject\" ><div class=\"avia-image-container-inner\"><div class=\"avia-image-overlay-wrap\"><img decoding=\"async\" fetchpriority=\"high\" class='wp-image-201 avia-img-lazy-loading-not-201 avia_image ' src=\"https:\/\/anderstestar.se\/wp-content\/uploads\/2025\/03\/H1d6776be0a9b4eb189d66371f0c60dfc3.jpg_250x250_7183f59f-2da0-4145-bf13-292128149ac0.jpeg\" alt='' title='H1d6776be0a9b4eb189d66371f0c60dfc3.jpg_250x250_7183f59f-2da0-4145-bf13-292128149ac0'  height=\"250\" width=\"250\"  itemprop=\"thumbnailUrl\"  \/><\/div><\/div><\/div><\/p><\/div>\n","protected":false},"excerpt":{"rendered":"","protected":false},"author":1,"featured_media":0,"parent":0,"menu_order":0,"comment_status":"closed","ping_status":"closed","template":"","meta":{"footnotes":""},"class_list":["post-38","page","type-page","status-publish","hentry"],"jetpack_sharing_enabled":true,"_links":{"self":[{"href":"https:\/\/anderstestar.se\/index.php?rest_route=\/wp\/v2\/pages\/38","targetHints":{"allow":["GET"]}}],"collection":[{"href":"https:\/\/anderstestar.se\/index.php?rest_route=\/wp\/v2\/pages"}],"about":[{"href":"https:\/\/anderstestar.se\/index.php?rest_route=\/wp\/v2\/types\/page"}],"author":[{"embeddable":true,"href":"https:\/\/anderstestar.se\/index.php?rest_route=\/wp\/v2\/users\/1"}],"replies":[{"embeddable":true,"href":"https:\/\/anderstestar.se\/index.php?rest_route=%2Fwp%2Fv2%2Fcomments&post=38"}],"version-history":[{"count":10,"href":"https:\/\/anderstestar.se\/index.php?rest_route=\/wp\/v2\/pages\/38\/revisions"}],"predecessor-version":[{"id":245,"href":"https:\/\/anderstestar.se\/index.php?rest_route=\/wp\/v2\/pages\/38\/revisions\/245"}],"wp:attachment":[{"href":"https:\/\/anderstestar.se\/index.php?rest_route=%2Fwp%2Fv2%2Fmedia&parent=38"}],"curies":[{"name":"wp","href":"https:\/\/api.w.org\/{rel}","templated":true}]}}