{"id":134,"date":"2025-03-22T16:30:28","date_gmt":"2025-03-22T16:30:28","guid":{"rendered":"http:\/\/mrpepsi.se\/?page_id=134"},"modified":"2026-01-11T18:44:08","modified_gmt":"2026-01-11T17:44:08","slug":"varden-for-olika-vaxter","status":"publish","type":"page","link":"https:\/\/anderstestar.se\/?page_id=134","title":{"rendered":"V\u00e4rden f\u00f6r olika v\u00e4xter och omvandlingstabell"},"content":{"rendered":"\n<style type=\"text\/css\" data-created_by=\"avia_inline_auto\" id=\"style-css-av-m8khjaqw-33b53b0686a7d781882afac913d66f27\">\n#top .av_textblock_section.av-m8khjaqw-33b53b0686a7d781882afac913d66f27 .avia_textblock{\nfont-size:14px;\n}\n<\/style>\n<section  class='av_textblock_section av-m8khjaqw-33b53b0686a7d781882afac913d66f27 '   itemscope=\"itemscope\" itemtype=\"https:\/\/schema.org\/CreativeWork\" ><div class='avia_textblock'  itemprop=\"text\" ><p class=\"p1\">Nedan finner du en tabell med rekommenderade v\u00e4rden f\u00f6r v\u00e4xtn\u00e4ring, pH, ljus och temperatur. Dessa riktlinjer hj\u00e4lper dig att<br \/>\nskapa den perfekta milj\u00f6n f\u00f6r dina v\u00e4xter, oavsett om du \u00e4r nyb\u00f6rjare eller erfaren odlare. L\u00e4ngre ner p\u00e5 sidan hittar ni \u00e4ven en omvandlingstabel mellan olika m\u00e4ts\u00e4tt som m\u00e4tare kan ha.<\/p>\n<\/div><\/section>\n\n<style type=\"text\/css\" data-created_by=\"avia_inline_auto\" id=\"style-css-av-3a0p1a-e34fb36ea898fc3eaf424c09b1687189\">\n.flex_column.av-3a0p1a-e34fb36ea898fc3eaf424c09b1687189{\nwidth:100%;\nborder-width:3px;\nborder-color:#d3d3d3;\nborder-style:solid;\n}\n<\/style>\n<div  class='flex_column av-3a0p1a-e34fb36ea898fc3eaf424c09b1687189 av_one_full  avia-builder-el-1  el_after_av_textblock  el_before_av_one_full  first flex_column_div  column-top-margin'     ><p><div class='avia-data-table-wrap av-3ee60m-190e171ea2826994e13dd6be64ebba1a avia_scrollable_table avia-table-1'><table  class='avia-table avia-data-table avia_pricing_default  avia-builder-el-2  el_before_av_textblock  avia-builder-el-first '  itemscope=\"itemscope\" itemtype=\"https:\/\/schema.org\/Table\" ><tbody><tr class='avia-heading-row'><th class='avia-desc-col'>V\u00e4xt<\/th><th class='avia-center-col'>pH<\/th><th class='avia-center-col'>EC*<\/th><th class='avia-center-col'>Temp<\/th><th class='avia-center-col'>Ljus<\/th><\/tr><tr class=''><th class='avia-desc-col'>Salladsorter:<br \/>\n(Plock, huvud mm)<br \/>\n<\/th><td class='avia-center-col'>5.5-6.5<\/td><td class='avia-center-col'>800-1500<\/td><td class='avia-center-col'>18-22gr<\/td><td class='avia-center-col'>12-16h <\/td><\/tr><tr class=''><th class='avia-desc-col'>Ruccola:<\/th><td class='avia-center-col'>6.0-7.5<\/td><td class='avia-center-col'>800-1400<\/td><td class='avia-center-col'>10-23gr<\/td><td class='avia-center-col'>10-16h <\/td><\/tr><tr class=''><th class='avia-desc-col'>Timjan:<\/th><td class='avia-center-col'>5.5-7.0<\/td><td class='avia-center-col'>800-1600<\/td><td class='avia-center-col'>21-24gr<\/td><td class='avia-center-col'>12-16h<\/td><\/tr><tr class=''><th class='avia-desc-col'>**Persilja:<\/th><td class='avia-center-col'>5.5-6.5<br \/>\n<\/td><td class='avia-center-col'>800-1800<\/td><td class='avia-center-col'>18-23gr<\/td><td class='avia-center-col'><\/td><\/tr><tr class=''><th class='avia-desc-col'>**Dill:<\/th><td class='avia-center-col'>5.5-6.7<\/td><td class='avia-center-col'>1000-1600<\/td><td class='avia-center-col'>18-23gr<\/td><td class='avia-center-col'><\/td><\/tr><tr class=''><th class='avia-desc-col'>Dragon:<\/th><td class='avia-center-col'>5.5-6.0<\/td><td class='avia-center-col'>1000-1800<\/td><td class='avia-center-col'>14-26gr (b\u00e4st 21gr)<br \/>\n<\/td><td class='avia-center-col'><\/td><\/tr><tr class=''><th class='avia-desc-col'>Vitl\u00f6k:<\/th><td class='avia-center-col'>6.0-6.5<\/td><td class='avia-center-col'>1200-2500<\/td><td class='avia-center-col'>1-29gr<\/td><td class='avia-center-col'>10-12h<\/td><\/tr><tr class=''><th class='avia-desc-col'>Purjol\u00f6k<\/th><td class='avia-center-col'>6.5-7.0<\/td><td class='avia-center-col'>1400-1800<\/td><td class='avia-center-col'>18-22<\/td><td class='avia-center-col'>12-16h<\/td><\/tr><tr class=''><th class='avia-desc-col'>Vattenmelon:<\/th><td class='avia-center-col'>5.5-6.5<\/td><td class='avia-center-col'>1500-2400<\/td><td class='avia-center-col'>Dagtemp:24-30gr<br \/>\nNatttemp: 20-22gr<br \/>\nVatten temp:20-22gr<br \/>\n<\/td><td class='avia-center-col'>12-16h<\/td><\/tr><tr class=''><th class='avia-desc-col'>Gurka:<\/th><td class='avia-center-col'>5.0-6.0<\/td><td class='avia-center-col'>1700-2500<\/td><td class='avia-center-col'>21-29gr<\/td><td class='avia-center-col'>12-14h<\/td><\/tr><tr class=''><th class='avia-desc-col'>Gr\u00e4sl\u00f6k:<\/th><td class='avia-center-col'>6.1-7.8<\/td><td class='avia-center-col'>1800-2400<\/td><td class='avia-center-col'>15-21gr<\/td><td class='avia-center-col'>12h+<\/td><\/tr><tr class=''><th class='avia-desc-col'>Jordgubbar<\/th><td class='avia-center-col'>5.5-6.5<\/td><td class='avia-center-col'>1800-2200<\/td><td class='avia-center-col'>15-27<\/td><td class='avia-center-col'>12-16h<\/td><\/tr><tr class=''><th class='avia-desc-col'>Spenat:<\/th><td class='avia-center-col'>5.5-6.6<\/td><td class='avia-center-col'>1800-2300<\/td><td class='avia-center-col'>18-21gr<\/td><td class='avia-center-col'>Ca 12h<\/td><\/tr><tr class=''><th class='avia-desc-col'>Tomat:<\/th><td class='avia-center-col'>5.8-6.5<\/td><td class='avia-center-col'>2000-5000<\/td><td class='avia-center-col'>15-29gr <\/td><td class='avia-center-col'>16h <\/td><\/tr><tr class=''><th class='avia-desc-col'>Chili:<br \/>\n<\/th><td class='avia-center-col'>5.5-6.8<br \/>\n<\/td><td class='avia-center-col'>2000-3000<br \/>\n<\/td><td class='avia-center-col'>23-29gr<\/td><td class='avia-center-col'>12-16h<br \/>\n<\/td><\/tr><\/tbody><\/table><\/div><br \/>\n\n<style type=\"text\/css\" data-created_by=\"avia_inline_auto\" id=\"style-css-av-m8n3i4wr-13c43422290bcd5f59e9c94f30df41b6\">\n#top .av_textblock_section.av-m8n3i4wr-13c43422290bcd5f59e9c94f30df41b6 .avia_textblock{\nfont-size:14px;\n}\n<\/style>\n<section  class='av_textblock_section av-m8n3i4wr-13c43422290bcd5f59e9c94f30df41b6 '   itemscope=\"itemscope\" itemtype=\"https:\/\/schema.org\/CreativeWork\" ><div class='avia_textblock'  itemprop=\"text\" ><p>*Skalan \u00e4r i \u00b5S.<br \/>\n**H\u00e5ll koll p\u00e5 pH v\u00e4rdet. Har m\u00e4rkt att pH v\u00e4rdet g\u00e4rna h\u00f6js i beh\u00e5llaren med dessa \u00f6rter.<\/p>\n<\/div><\/section><\/p><\/div>\n<style type=\"text\/css\" data-created_by=\"avia_inline_auto\" id=\"style-css-av-9g8k6-2e40599cac4d972c5ac05eb6eac13995\">\n.flex_column.av-9g8k6-2e40599cac4d972c5ac05eb6eac13995{\nborder-width:4px;\nborder-style:solid;\n}\n<\/style>\n<div  class='flex_column av-9g8k6-2e40599cac4d972c5ac05eb6eac13995 av_one_full  avia-builder-el-4  el_after_av_one_full  el_before_av_one_full  first flex_column_div  column-top-margin'     ><p>\n<style type=\"text\/css\" data-created_by=\"avia_inline_auto\" id=\"style-css-av-m9bpjqad-1366d251e21dc591ec0023b034b05135\">\n#top .av_textblock_section.av-m9bpjqad-1366d251e21dc591ec0023b034b05135 .avia_textblock{\nfont-size:14px;\n}\n<\/style>\n<section  class='av_textblock_section av-m9bpjqad-1366d251e21dc591ec0023b034b05135 '   itemscope=\"itemscope\" itemtype=\"https:\/\/schema.org\/CreativeWork\" ><div class='avia_textblock'  itemprop=\"text\" ><p>Omvandlingstabell f\u00f6r n\u00e4ringsv\u00e4rden med olika m\u00e4ts\u00e4tt. Kolla vilket m\u00e4ts\u00e4tt ditt m\u00e4tinstrument anv\u00e4nder.<\/p>\n<\/div><\/section><br \/>\n<div class='avia-data-table-wrap av-19nnee-cfd6b519baa283f5ae8e0dca32c523b9 avia_scrollable_table avia-table-2'><table  class='avia-table avia-data-table avia_pricing_default  avia-builder-el-6  el_after_av_textblock  avia-builder-el-last '  itemscope=\"itemscope\" itemtype=\"https:\/\/schema.org\/Table\" ><tbody><tr class=''><td class='avia-center-col'>EC (mS)<\/td><td class='avia-center-col'>EC (\u00b5S)<\/td><td class='avia-center-col'>PPM (500)<\/td><td class='avia-center-col'>PPM (700)<\/td><\/tr><tr class=''><td class='avia-center-col'>1.0<\/td><td class='avia-center-col'>1000<\/td><td class='avia-center-col'>500<\/td><td class='avia-center-col'>700<\/td><\/tr><tr class=''><td class='avia-center-col'>1.5<\/td><td class='avia-center-col'>1500<\/td><td class='avia-center-col'>750<\/td><td class='avia-center-col'>1050<\/td><\/tr><tr class=''><td class='avia-center-col'>2.0<\/td><td class='avia-center-col'>2000<\/td><td class='avia-center-col'>1000<\/td><td class='avia-center-col'>1400<\/td><\/tr><tr class=''><td class='avia-center-col'>2.5<\/td><td class='avia-center-col'>2500<\/td><td class='avia-center-col'>1250<\/td><td class='avia-center-col'>1750<\/td><\/tr><tr class=''><td class='avia-center-col'>3.0<\/td><td class='avia-center-col'>3000<\/td><td class='avia-center-col'>1500<\/td><td class='avia-center-col'>2100<\/td><\/tr><tr class=''><td class='avia-center-col'>3.5<\/td><td class='avia-center-col'>3500<\/td><td class='avia-center-col'>1750<\/td><td class='avia-center-col'>2450<\/td><\/tr><tr class=''><td class='avia-center-col'>4.0<\/td><td class='avia-center-col'>4000<\/td><td class='avia-center-col'>2000<\/td><td class='avia-center-col'>2800<\/td><\/tr><tr class=''><td class='avia-center-col'>4.5<\/td><td class='avia-center-col'>4500<\/td><td class='avia-center-col'>2250<\/td><td class='avia-center-col'>3150<\/td><\/tr><tr class=''><td class='avia-center-col'>5.0<\/td><td class='avia-center-col'>5000<\/td><td class='avia-center-col'>2500<\/td><td class='avia-center-col'>3500<\/td><\/tr><tr class=''><td class='avia-center-col'>5.5<\/td><td class='avia-center-col'>5500<\/td><td class='avia-center-col'>2750<\/td><td class='avia-center-col'>3850<\/td><\/tr><tr class=''><td class='avia-center-col'>6.0<\/td><td class='avia-center-col'>6000<\/td><td class='avia-center-col'>3000<\/td><td class='avia-center-col'>4200<\/td><\/tr><tr class=''><td class='avia-center-col'>6.5<\/td><td class='avia-center-col'>6500<\/td><td class='avia-center-col'>3250<\/td><td class='avia-center-col'>4550<\/td><\/tr><tr class=''><td class='avia-center-col'>7.0<\/td><td class='avia-center-col'>7000<\/td><td class='avia-center-col'>3500<\/td><td class='avia-center-col'>4900<\/td><\/tr><tr class=''><td class='avia-center-col'>7.5<\/td><td class='avia-center-col'>7500<\/td><td class='avia-center-col'>3750<\/td><td class='avia-center-col'>5250<\/td><\/tr><\/tbody><\/table><\/div><\/p><\/div><\/p>\n<div  class='flex_column av-6ju2m-2d9c64b73c6011ee95a4d19d2e1b5cba av_one_full  avia-builder-el-7  el_after_av_one_full  avia-builder-el-last  first flex_column_div  column-top-margin'     ><\/div>\n","protected":false},"excerpt":{"rendered":"","protected":false},"author":1,"featured_media":0,"parent":0,"menu_order":0,"comment_status":"closed","ping_status":"closed","template":"","meta":{"footnotes":""},"class_list":["post-134","page","type-page","status-publish","hentry"],"jetpack_sharing_enabled":true,"_links":{"self":[{"href":"https:\/\/anderstestar.se\/index.php?rest_route=\/wp\/v2\/pages\/134","targetHints":{"allow":["GET"]}}],"collection":[{"href":"https:\/\/anderstestar.se\/index.php?rest_route=\/wp\/v2\/pages"}],"about":[{"href":"https:\/\/anderstestar.se\/index.php?rest_route=\/wp\/v2\/types\/page"}],"author":[{"embeddable":true,"href":"https:\/\/anderstestar.se\/index.php?rest_route=\/wp\/v2\/users\/1"}],"replies":[{"embeddable":true,"href":"https:\/\/anderstestar.se\/index.php?rest_route=%2Fwp%2Fv2%2Fcomments&post=134"}],"version-history":[{"count":48,"href":"https:\/\/anderstestar.se\/index.php?rest_route=\/wp\/v2\/pages\/134\/revisions"}],"predecessor-version":[{"id":1242,"href":"https:\/\/anderstestar.se\/index.php?rest_route=\/wp\/v2\/pages\/134\/revisions\/1242"}],"wp:attachment":[{"href":"https:\/\/anderstestar.se\/index.php?rest_route=%2Fwp%2Fv2%2Fmedia&parent=134"}],"curies":[{"name":"wp","href":"https:\/\/api.w.org\/{rel}","templated":true}]}}